{"id":1504,"date":"2023-07-19T08:59:44","date_gmt":"2023-07-19T08:59:44","guid":{"rendered":"https:\/\/klima-theke.com\/produkt\/tragbare-klimaanlage-edm-80-w-35-l\/"},"modified":"2023-10-06T11:00:47","modified_gmt":"2023-10-06T09:00:47","slug":"tragbare-klimaanlage-edm-80-w-35-l","status":"publish","type":"product","link":"https:\/\/klima-theke.com\/?product=tragbare-klimaanlage-edm-80-w-35-l","title":{"rendered":"Tragbare Klimaanlage EDM 80 W 3,5 L"},"content":{"rendered":"<p>Wenn Sie Haushaltsger\u00e4te zum besten Gro\u00dfhandelspreis suchen, dann verpassen Sie nicht Ihre Chance auf <b>Tragbare Klimaanlage EDM 80 W 3,5 L<\/b> sowie ein breites Sortiment an kleinen Haushaltsger\u00e4ten!<\/p>\n<ul>\n<li>Art: Luftbefeuchter<\/li>\n<li>Kapazit\u00e4t: 3,5 L<\/li>\n<li>Leistung: 80 W<\/li>\n<li>Geschwindigkeiten: 3 Geschwindigkeitsstufen<\/li>\n<li>Ma\u00dfe ca.: 26 x 24 x 57 cm<\/li>\n<li>Steckertyp: EU-Stecker<\/li>\n<li>Steckbares Produkt: Ja<\/li>\n<\/ul>\n","protected":false},"excerpt":{"rendered":"<p>Wenn Sie Haushaltsger\u00e4te zum besten Gro\u00dfhandelspreis suchen, dann verpassen Sie nicht Ihre Chance auf Tragbare Klimaanlage EDM 80 W 3,5 L sowie ein breites Sortiment an kleinen Haushaltsger\u00e4ten! Art: Luftbefeuchter Kapazit\u00e4t: 3,5 L Leistung: 80 W Geschwindigkeiten: 3 Geschwindigkeitsstufen Ma\u00dfe ca.: 26 x 24 x 57 cm Steckertyp: EU-Stecker Steckbares Produkt: Ja<\/p>\n","protected":false},"featured_media":98338,"template":"","meta":[],"product_cat":[34],"product_tag":[],"class_list":{"0":"post-1504","1":"product","2":"type-product","3":"status-publish","4":"has-post-thumbnail","6":"product_cat-tisch-standventilatoren","8":"first","9":"outofstock","10":"taxable","11":"shipping-taxable","12":"purchasable","13":"product-type-simple"},"_links":{"self":[{"href":"https:\/\/klima-theke.com\/index.php?rest_route=\/wp\/v2\/product\/1504","targetHints":{"allow":["GET"]}}],"collection":[{"href":"https:\/\/klima-theke.com\/index.php?rest_route=\/wp\/v2\/product"}],"about":[{"href":"https:\/\/klima-theke.com\/index.php?rest_route=\/wp\/v2\/types\/product"}],"wp:featuredmedia":[{"embeddable":true,"href":"https:\/\/klima-theke.com\/index.php?rest_route=\/wp\/v2\/media\/98338"}],"wp:attachment":[{"href":"https:\/\/klima-theke.com\/index.php?rest_route=%2Fwp%2Fv2%2Fmedia&parent=1504"}],"wp:term":[{"taxonomy":"product_cat","embeddable":true,"href":"https:\/\/klima-theke.com\/index.php?rest_route=%2Fwp%2Fv2%2Fproduct_cat&post=1504"},{"taxonomy":"product_tag","embeddable":true,"href":"https:\/\/klima-theke.com\/index.php?rest_route=%2Fwp%2Fv2%2Fproduct_tag&post=1504"}],"curies":[{"name":"wp","href":"https:\/\/api.w.org\/{rel}","templated":true}]}}