{"id":1388,"date":"2023-07-19T10:58:17","date_gmt":"2023-07-19T08:58:17","guid":{"rendered":"https:\/\/klima-theke.com\/produkt\/raster-fepre-eingelassen-edelstahl-o-138-mm\/"},"modified":"2023-10-23T15:13:09","modified_gmt":"2023-10-23T13:13:09","slug":"raster-fepre-eingelassen-edelstahl-o-138-mm","status":"publish","type":"product","link":"https:\/\/klima-theke.com\/?product=raster-fepre-eingelassen-edelstahl-o-138-mm","title":{"rendered":"Raster Fepre Eingelassen Edelstahl (\u00f8 138 mm)"},"content":{"rendered":"<p>Wenn Sie bei der Einrichtung ihres Heims Wert auf Details legen und bei Produkten, die Ihnen das Leben leichter machen, auf dem letzten Stand sein m\u00f6chten, dann kaufen Sie <b>Raster Fepre Eingelassen Edelstahl (\u00f8 138 mm)<\/b> zum besten Preis.<\/p>\n<ul>\n<li>Art:\n<ul>\n<li>Raster<\/li>\n<li>L\u00fcftungsgitter<\/li>\n<\/ul>\n<\/li>\n<li>Material: Edelstahl<\/li>\n<li>Durchmesser: \u00f8 138 mm<\/li>\n<li>Merkmale: Eingelassen<\/li>\n<\/ul>\n","protected":false},"excerpt":{"rendered":"<p>Wenn Sie bei der Einrichtung ihres Heims Wert auf Details legen und bei Produkten, die Ihnen das Leben leichter machen, auf dem letzten Stand sein m\u00f6chten, dann kaufen Sie Raster Fepre Eingelassen Edelstahl (\u00f8 138 mm) zum besten Preis. Art: Raster L\u00fcftungsgitter Material: Edelstahl Durchmesser: \u00f8 138 mm Merkmale: Eingelassen<\/p>\n","protected":false},"featured_media":118694,"template":"","meta":[],"product_cat":[34],"product_tag":[],"class_list":{"0":"post-1388","1":"product","2":"type-product","3":"status-publish","4":"has-post-thumbnail","6":"product_cat-tisch-standventilatoren","8":"first","9":"instock","10":"taxable","11":"shipping-taxable","12":"purchasable","13":"product-type-simple"},"_links":{"self":[{"href":"https:\/\/klima-theke.com\/index.php?rest_route=\/wp\/v2\/product\/1388","targetHints":{"allow":["GET"]}}],"collection":[{"href":"https:\/\/klima-theke.com\/index.php?rest_route=\/wp\/v2\/product"}],"about":[{"href":"https:\/\/klima-theke.com\/index.php?rest_route=\/wp\/v2\/types\/product"}],"wp:featuredmedia":[{"embeddable":true,"href":"https:\/\/klima-theke.com\/index.php?rest_route=\/wp\/v2\/media\/118694"}],"wp:attachment":[{"href":"https:\/\/klima-theke.com\/index.php?rest_route=%2Fwp%2Fv2%2Fmedia&parent=1388"}],"wp:term":[{"taxonomy":"product_cat","embeddable":true,"href":"https:\/\/klima-theke.com\/index.php?rest_route=%2Fwp%2Fv2%2Fproduct_cat&post=1388"},{"taxonomy":"product_tag","embeddable":true,"href":"https:\/\/klima-theke.com\/index.php?rest_route=%2Fwp%2Fv2%2Fproduct_tag&post=1388"}],"curies":[{"name":"wp","href":"https:\/\/api.w.org\/{rel}","templated":true}]}}