{"id":1363,"date":"2023-07-19T10:57:59","date_gmt":"2023-07-19T08:57:59","guid":{"rendered":"https:\/\/klima-theke.com\/produkt\/raster-fepre-moskitonetz-eingelassen-weiss-abs-o-14-cm\/"},"modified":"2023-10-09T21:53:05","modified_gmt":"2023-10-09T19:53:05","slug":"raster-fepre-moskitonetz-eingelassen-weiss-abs-o-14-cm","status":"publish","type":"product","link":"https:\/\/klima-theke.com\/?product=raster-fepre-moskitonetz-eingelassen-weiss-abs-o-14-cm","title":{"rendered":"Raster Fepre Moskitonetz Eingelassen Wei\u00df ABS (\u00d8 14 cm)"},"content":{"rendered":"<p>Wenn Sie bei der Einrichtung ihres Heims Wert auf Details legen und bei Produkten, die Ihnen das Leben leichter machen, auf dem letzten Stand sein m\u00f6chten, dann kaufen Sie <b>Raster Fepre Moskitonetz Eingelassen Wei\u00df ABS (\u00d8 14 cm)<\/b> zum besten Preis.<\/p>\n<ul>\n<li>Art:\n<ul>\n<li>Raster<\/li>\n<li>L\u00fcftungsgitter<\/li>\n<\/ul>\n<\/li>\n<li>Farbe: Wei\u00df<\/li>\n<li>Material: ABS<\/li>\n<li>Durchmesser: \u00d8 14 cm<\/li>\n<li>Empfohlene verwendung: Professionell<\/li>\n<li>Enthalten: Moskitonetz<\/li>\n<li>Merkmale: Eingelassen<\/li>\n<\/ul>\n","protected":false},"excerpt":{"rendered":"<p>Wenn Sie bei der Einrichtung ihres Heims Wert auf Details legen und bei Produkten, die Ihnen das Leben leichter machen, auf dem letzten Stand sein m\u00f6chten, dann kaufen Sie Raster Fepre Moskitonetz Eingelassen Wei\u00df ABS (\u00d8 14 cm) zum besten Preis. Art: Raster L\u00fcftungsgitter Farbe: Wei\u00df Material: ABS Durchmesser: \u00d8 14 cm Empfohlene verwendung: Professionell [&#8230;]\n","protected":false},"featured_media":103170,"template":"","meta":[],"product_cat":[34],"product_tag":[],"class_list":{"0":"post-1363","1":"product","2":"type-product","3":"status-publish","4":"has-post-thumbnail","6":"product_cat-tisch-standventilatoren","8":"first","9":"outofstock","10":"taxable","11":"shipping-taxable","12":"purchasable","13":"product-type-simple"},"_links":{"self":[{"href":"https:\/\/klima-theke.com\/index.php?rest_route=\/wp\/v2\/product\/1363","targetHints":{"allow":["GET"]}}],"collection":[{"href":"https:\/\/klima-theke.com\/index.php?rest_route=\/wp\/v2\/product"}],"about":[{"href":"https:\/\/klima-theke.com\/index.php?rest_route=\/wp\/v2\/types\/product"}],"wp:featuredmedia":[{"embeddable":true,"href":"https:\/\/klima-theke.com\/index.php?rest_route=\/wp\/v2\/media\/103170"}],"wp:attachment":[{"href":"https:\/\/klima-theke.com\/index.php?rest_route=%2Fwp%2Fv2%2Fmedia&parent=1363"}],"wp:term":[{"taxonomy":"product_cat","embeddable":true,"href":"https:\/\/klima-theke.com\/index.php?rest_route=%2Fwp%2Fv2%2Fproduct_cat&post=1363"},{"taxonomy":"product_tag","embeddable":true,"href":"https:\/\/klima-theke.com\/index.php?rest_route=%2Fwp%2Fv2%2Fproduct_tag&post=1363"}],"curies":[{"name":"wp","href":"https:\/\/api.w.org\/{rel}","templated":true}]}}