{"id":1308,"date":"2023-07-19T10:57:22","date_gmt":"2023-07-19T08:57:22","guid":{"rendered":"https:\/\/klima-theke.com\/produkt\/raster-edm-33962-ersatzteil-o-27-cm\/"},"modified":"2023-10-16T20:35:25","modified_gmt":"2023-10-16T18:35:25","slug":"raster-edm-33962-ersatzteil-o-27-cm","status":"publish","type":"product","link":"https:\/\/klima-theke.com\/?product=raster-edm-33962-ersatzteil-o-27-cm","title":{"rendered":"Raster EDM 33962 Ersatzteil \u00d8 27 cm"},"content":{"rendered":"<p>Wenn Sie bei der Einrichtung ihres Heims Wert auf Details legen und bei Produkten, die Ihnen das Leben leichter machen, auf dem letzten Stand sein m\u00f6chten, dann kaufen Sie <b>Raster EDM 33962 Ersatzteil \u00d8 27 cm<\/b> zum besten Preis.<\/p>\n<ul>\n<li>Farbe: Wei\u00df<\/li>\n<li>Material: Metall<\/li>\n<li>Anzahl der St\u00fccke: 2 St\u00fccke<\/li>\n<li>Durchmesser: \u00d8 27 cm<\/li>\n<li>Art: Ersatzteil<\/li>\n<li>Gewicht: 280 g<\/li>\n<\/ul>\n","protected":false},"excerpt":{"rendered":"<p>Wenn Sie bei der Einrichtung ihres Heims Wert auf Details legen und bei Produkten, die Ihnen das Leben leichter machen, auf dem letzten Stand sein m\u00f6chten, dann kaufen Sie Raster EDM 33962 Ersatzteil \u00d8 27 cm zum besten Preis. Farbe: Wei\u00df Material: Metall Anzahl der St\u00fccke: 2 St\u00fccke Durchmesser: \u00d8 27 cm Art: Ersatzteil Gewicht: [&#8230;]\n","protected":false},"featured_media":112553,"template":"","meta":[],"product_cat":[34],"product_tag":[],"class_list":{"0":"post-1308","1":"product","2":"type-product","3":"status-publish","4":"has-post-thumbnail","6":"product_cat-tisch-standventilatoren","8":"first","9":"instock","10":"taxable","11":"shipping-taxable","12":"purchasable","13":"product-type-simple"},"_links":{"self":[{"href":"https:\/\/klima-theke.com\/index.php?rest_route=\/wp\/v2\/product\/1308","targetHints":{"allow":["GET"]}}],"collection":[{"href":"https:\/\/klima-theke.com\/index.php?rest_route=\/wp\/v2\/product"}],"about":[{"href":"https:\/\/klima-theke.com\/index.php?rest_route=\/wp\/v2\/types\/product"}],"wp:featuredmedia":[{"embeddable":true,"href":"https:\/\/klima-theke.com\/index.php?rest_route=\/wp\/v2\/media\/112553"}],"wp:attachment":[{"href":"https:\/\/klima-theke.com\/index.php?rest_route=%2Fwp%2Fv2%2Fmedia&parent=1308"}],"wp:term":[{"taxonomy":"product_cat","embeddable":true,"href":"https:\/\/klima-theke.com\/index.php?rest_route=%2Fwp%2Fv2%2Fproduct_cat&post=1308"},{"taxonomy":"product_tag","embeddable":true,"href":"https:\/\/klima-theke.com\/index.php?rest_route=%2Fwp%2Fv2%2Fproduct_tag&post=1308"}],"curies":[{"name":"wp","href":"https:\/\/api.w.org\/{rel}","templated":true}]}}