{"id":1306,"date":"2023-07-19T10:57:19","date_gmt":"2023-07-19T08:57:19","guid":{"rendered":"https:\/\/klima-theke.com\/produkt\/medisana-waermeunterbett-hu-674-15-x-08-m-weiss\/"},"modified":"2023-10-16T20:07:01","modified_gmt":"2023-10-16T18:07:01","slug":"medisana-waermeunterbett-hu-674-15-x-08-m-weiss","status":"publish","type":"product","link":"https:\/\/klima-theke.com\/?product=medisana-waermeunterbett-hu-674-15-x-08-m-weiss","title":{"rendered":"Medisana W\u00e4rmeunterbett HU 674 1,5 x 0,8 m Wei\u00df"},"content":{"rendered":"<p>Dieser Bettw\u00e4rmer HU 674 von Medisana f\u00fchlt sich angenehm weich an und bietet ein authentisches Schlaferlebnis. Die Heizdecke besteht aus weichem Material und sorgt dadurch f\u00fcr hohen Komfort. Unser W\u00e4rmeunterbett verf\u00fcgt \u00fcber 4 Temperaturstufen, aus denen Sie mittels des ergonomischen Bedienelements w\u00e4hlen k\u00f6nnen, um so jedem Bed\u00fcrfnis gerecht zu werden. Zudem ist das Bedienelement abnehmbar, sodass sich die Decke problemlos waschen l\u00e4sst.<\/p>\n<ul>\n<li>Farbe: Wei\u00df<\/li>\n<li>Material: Polyester<\/li>\n<li>Gr\u00f6\u00dfe: 150 x 80 cm (L x B)<\/li>\n<li>Gewicht: 1,2 kg<\/li>\n<li>Stromversorgung: 220 V-240 V~, 50\/60 Hz<\/li>\n<li>4 Temperaturstufen<\/li>\n<li>Oeko-Tex\u00ae Standard 100<\/li>\n<li>Sicherheitssystem mit \u00dcberhitzungsschutz<\/li>\n<li>Automatische Abschaltung nach 180 Minuten<\/li>\n<li>Waschbar dank abnehmbarer Temperatursteuerung<\/li>\n<\/ul>\n","protected":false},"excerpt":{"rendered":"<p>Dieser Bettw\u00e4rmer HU 674 von Medisana f\u00fchlt sich angenehm weich an und bietet ein authentisches Schlaferlebnis. Die Heizdecke besteht aus weichem Material und sorgt dadurch f\u00fcr hohen Komfort. Unser W\u00e4rmeunterbett verf\u00fcgt \u00fcber 4 Temperaturstufen, aus denen Sie mittels des ergonomischen Bedienelements w\u00e4hlen k\u00f6nnen, um so jedem Bed\u00fcrfnis gerecht zu werden. Zudem ist das Bedienelement abnehmbar, [&#8230;]\n","protected":false},"featured_media":112435,"template":"","meta":[],"product_cat":[43],"product_tag":[],"class_list":{"0":"post-1306","1":"product","2":"type-product","3":"status-publish","4":"has-post-thumbnail","6":"product_cat-heizdecken","8":"first","9":"instock","10":"taxable","11":"shipping-taxable","12":"purchasable","13":"product-type-simple"},"_links":{"self":[{"href":"https:\/\/klima-theke.com\/index.php?rest_route=\/wp\/v2\/product\/1306","targetHints":{"allow":["GET"]}}],"collection":[{"href":"https:\/\/klima-theke.com\/index.php?rest_route=\/wp\/v2\/product"}],"about":[{"href":"https:\/\/klima-theke.com\/index.php?rest_route=\/wp\/v2\/types\/product"}],"wp:featuredmedia":[{"embeddable":true,"href":"https:\/\/klima-theke.com\/index.php?rest_route=\/wp\/v2\/media\/112435"}],"wp:attachment":[{"href":"https:\/\/klima-theke.com\/index.php?rest_route=%2Fwp%2Fv2%2Fmedia&parent=1306"}],"wp:term":[{"taxonomy":"product_cat","embeddable":true,"href":"https:\/\/klima-theke.com\/index.php?rest_route=%2Fwp%2Fv2%2Fproduct_cat&post=1306"},{"taxonomy":"product_tag","embeddable":true,"href":"https:\/\/klima-theke.com\/index.php?rest_route=%2Fwp%2Fv2%2Fproduct_tag&post=1306"}],"curies":[{"name":"wp","href":"https:\/\/api.w.org\/{rel}","templated":true}]}}