{"id":1272,"date":"2023-07-19T10:56:53","date_gmt":"2023-07-19T08:56:53","guid":{"rendered":"https:\/\/klima-theke.com\/produkt\/propeller-turbinengeblaese-edm-33982-ersatzteil-491-mm\/"},"modified":"2023-10-16T20:36:04","modified_gmt":"2023-10-16T18:36:04","slug":"propeller-turbinengeblaese-edm-33982-ersatzteil-491-mm","status":"publish","type":"product","link":"https:\/\/klima-theke.com\/?product=propeller-turbinengeblaese-edm-33982-ersatzteil-491-mm","title":{"rendered":"Propeller\/Turbinengebl\u00e4se EDM 33982 Ersatzteil 491 mm"},"content":{"rendered":"<p>Wenn Sie bei der Einrichtung ihres Heims Wert auf Details legen und bei Produkten, die Ihnen das Leben leichter machen, auf dem letzten Stand sein m\u00f6chten, dann kaufen Sie <b>Propeller\/Turbinengebl\u00e4se EDM 33982 Ersatzteil 491 mm<\/b> zum besten Preis.<\/p>\n<ul>\n<li>Art:\n<ul>\n<li>Ventilator<\/li>\n<li>Ersatzteil<\/li>\n<\/ul>\n<\/li>\n<li>Farbe: Wei\u00df<\/li>\n<li>Material: Aluminium<\/li>\n<li>Ma\u00dfe ca.: 491 mm<\/li>\n<\/ul>\n","protected":false},"excerpt":{"rendered":"<p>Wenn Sie bei der Einrichtung ihres Heims Wert auf Details legen und bei Produkten, die Ihnen das Leben leichter machen, auf dem letzten Stand sein m\u00f6chten, dann kaufen Sie Propeller\/Turbinengebl\u00e4se EDM 33982 Ersatzteil 491 mm zum besten Preis. Art: Ventilator Ersatzteil Farbe: Wei\u00df Material: Aluminium Ma\u00dfe ca.: 491 mm<\/p>\n","protected":false},"featured_media":112555,"template":"","meta":[],"product_cat":[34],"product_tag":[],"class_list":{"0":"post-1272","1":"product","2":"type-product","3":"status-publish","4":"has-post-thumbnail","6":"product_cat-tisch-standventilatoren","8":"first","9":"instock","10":"taxable","11":"shipping-taxable","12":"purchasable","13":"product-type-simple"},"_links":{"self":[{"href":"https:\/\/klima-theke.com\/index.php?rest_route=\/wp\/v2\/product\/1272","targetHints":{"allow":["GET"]}}],"collection":[{"href":"https:\/\/klima-theke.com\/index.php?rest_route=\/wp\/v2\/product"}],"about":[{"href":"https:\/\/klima-theke.com\/index.php?rest_route=\/wp\/v2\/types\/product"}],"wp:featuredmedia":[{"embeddable":true,"href":"https:\/\/klima-theke.com\/index.php?rest_route=\/wp\/v2\/media\/112555"}],"wp:attachment":[{"href":"https:\/\/klima-theke.com\/index.php?rest_route=%2Fwp%2Fv2%2Fmedia&parent=1272"}],"wp:term":[{"taxonomy":"product_cat","embeddable":true,"href":"https:\/\/klima-theke.com\/index.php?rest_route=%2Fwp%2Fv2%2Fproduct_cat&post=1272"},{"taxonomy":"product_tag","embeddable":true,"href":"https:\/\/klima-theke.com\/index.php?rest_route=%2Fwp%2Fv2%2Fproduct_tag&post=1272"}],"curies":[{"name":"wp","href":"https:\/\/api.w.org\/{rel}","templated":true}]}}