{"id":1270,"date":"2023-07-19T10:56:50","date_gmt":"2023-07-19T08:56:50","guid":{"rendered":"https:\/\/klima-theke.com\/produkt\/medisana-waermeunterbett-maxi-hu-676-16-x-15-m-weiss\/"},"modified":"2023-10-16T20:36:07","modified_gmt":"2023-10-16T18:36:07","slug":"medisana-waermeunterbett-maxi-hu-676-16-x-15-m-weiss","status":"publish","type":"product","link":"https:\/\/klima-theke.com\/?product=medisana-waermeunterbett-maxi-hu-676-16-x-15-m-weiss","title":{"rendered":"Medisana W\u00e4rmeunterbett Maxi HU 676 1,6 x 1,5 m Wei\u00df"},"content":{"rendered":"<p>Dieser Maxi Bettw\u00e4rmer HU 676 von Medisana f\u00fchlt sich angenehm weich an und bietet ein authentisches Schlaferlebnis. Diese Heizdecke hat eine praktische XL-Gr\u00f6\u00dfe f\u00fcr 2 Personen. Mithilfe der zwei Bedienelemente k\u00f6nnen beide Personen die Temperatur separat regulieren. Da W\u00e4rme ein subjektives Empfinden ist, verf\u00fcgt unser W\u00e4rmeunterbett \u00fcber 4 Temperaturstufen, aus denen Sie mittels des ergonomischen Bedienfelds w\u00e4hlen k\u00f6nnen, um so jedem Bed\u00fcrfnis gerecht zu werden. Zudem besteht diese beheizte Decke aus einem weichen Material, sodass Sie den Komfort und die sanfte W\u00e4rme genie\u00dfen k\u00f6nnen. Hinweis: Die Heizdecke ist im Schonwaschgang bei max. 30 \u00b0C waschbar!<\/p>\n<ul>\n<li>Farbe: Wei\u00df<\/li>\n<li>Material: Polyester<\/li>\n<li>Gr\u00f6\u00dfe: 160 x 150 cm (L x B)<\/li>\n<li>Gewicht: 2,4 kg<\/li>\n<li>Stromversorgung: 220 V-240 V~, 50\/60 Hz<\/li>\n<li>4 Temperaturstufen<\/li>\n<li>XL-Abmessungen f\u00fcr 2 Personen<\/li>\n<li>2 Bedienelemente f\u00fcr individuellen Komfort<\/li>\n<li>Sicherheitssystem mit \u00dcberhitzungsschutz<\/li>\n<li>Automatische Abschaltung nach 180 Minuten<\/li>\n<li>Waschbar dank abnehmbarer Temperatursteuerung<\/li>\n<li>Oeko-Tex\u00ae Standard 100<\/li>\n<\/ul>\n","protected":false},"excerpt":{"rendered":"<p>Dieser Maxi Bettw\u00e4rmer HU 676 von Medisana f\u00fchlt sich angenehm weich an und bietet ein authentisches Schlaferlebnis. Diese Heizdecke hat eine praktische XL-Gr\u00f6\u00dfe f\u00fcr 2 Personen. Mithilfe der zwei Bedienelemente k\u00f6nnen beide Personen die Temperatur separat regulieren. Da W\u00e4rme ein subjektives Empfinden ist, verf\u00fcgt unser W\u00e4rmeunterbett \u00fcber 4 Temperaturstufen, aus denen Sie mittels des ergonomischen [&#8230;]\n","protected":false},"featured_media":112556,"template":"","meta":[],"product_cat":[43],"product_tag":[],"class_list":{"0":"post-1270","1":"product","2":"type-product","3":"status-publish","4":"has-post-thumbnail","6":"product_cat-heizdecken","8":"first","9":"instock","10":"taxable","11":"shipping-taxable","12":"purchasable","13":"product-type-simple"},"_links":{"self":[{"href":"https:\/\/klima-theke.com\/index.php?rest_route=\/wp\/v2\/product\/1270","targetHints":{"allow":["GET"]}}],"collection":[{"href":"https:\/\/klima-theke.com\/index.php?rest_route=\/wp\/v2\/product"}],"about":[{"href":"https:\/\/klima-theke.com\/index.php?rest_route=\/wp\/v2\/types\/product"}],"wp:featuredmedia":[{"embeddable":true,"href":"https:\/\/klima-theke.com\/index.php?rest_route=\/wp\/v2\/media\/112556"}],"wp:attachment":[{"href":"https:\/\/klima-theke.com\/index.php?rest_route=%2Fwp%2Fv2%2Fmedia&parent=1270"}],"wp:term":[{"taxonomy":"product_cat","embeddable":true,"href":"https:\/\/klima-theke.com\/index.php?rest_route=%2Fwp%2Fv2%2Fproduct_cat&post=1270"},{"taxonomy":"product_tag","embeddable":true,"href":"https:\/\/klima-theke.com\/index.php?rest_route=%2Fwp%2Fv2%2Fproduct_tag&post=1270"}],"curies":[{"name":"wp","href":"https:\/\/api.w.org\/{rel}","templated":true}]}}