{"id":121,"date":"2023-07-16T05:14:12","date_gmt":"2023-07-16T05:14:12","guid":{"rendered":"https:\/\/klima-theke.com\/produkt\/freistehender-ventilator-xiaomi-xm220003-weiss\/"},"modified":"2023-09-30T09:20:38","modified_gmt":"2023-09-30T07:20:38","slug":"freistehender-ventilator-xiaomi-xm220003-weiss","status":"publish","type":"product","link":"https:\/\/klima-theke.com\/?product=freistehender-ventilator-xiaomi-xm220003-weiss","title":{"rendered":"Freistehender Ventilator Xiaomi XM220003 Wei\u00df"},"content":{"rendered":"<p>Wenn Sie Haushaltsger\u00e4te zum besten Gro\u00dfhandelspreis suchen, dann verpassen Sie nicht Ihre Chance auf <b>Freistehender Ventilator Xiaomi XM220003 Wei\u00df<\/b> sowie ein breites Sortiment an kleinen Haushaltsger\u00e4ten!<\/p>\n<ul>\n<li>Klinge: 7<\/li>\n<li>Leistung: 24 W<\/li>\n<li>Steckertyp: EU-Stecker<\/li>\n<li>Art: Laptop<\/li>\n<li>Farbe: Wei\u00df<\/li>\n<li>Merkmale: Laptop<\/li>\n<li>Spannung: 220 V<\/li>\n<li>Design: Moderne<\/li>\n<\/ul>\n","protected":false},"excerpt":{"rendered":"<p>Wenn Sie Haushaltsger\u00e4te zum besten Gro\u00dfhandelspreis suchen, dann verpassen Sie nicht Ihre Chance auf Freistehender Ventilator Xiaomi XM220003 Wei\u00df sowie ein breites Sortiment an kleinen Haushaltsger\u00e4ten! Klinge: 7 Leistung: 24 W Steckertyp: EU-Stecker Art: Laptop Farbe: Wei\u00df Merkmale: Laptop Spannung: 220 V Design: Moderne<\/p>\n","protected":false},"featured_media":89886,"template":"","meta":[],"product_cat":[34],"product_tag":[],"class_list":{"0":"post-121","1":"product","2":"type-product","3":"status-publish","4":"has-post-thumbnail","6":"product_cat-tisch-standventilatoren","8":"first","9":"outofstock","10":"taxable","11":"shipping-taxable","12":"purchasable","13":"product-type-simple"},"_links":{"self":[{"href":"https:\/\/klima-theke.com\/index.php?rest_route=\/wp\/v2\/product\/121","targetHints":{"allow":["GET"]}}],"collection":[{"href":"https:\/\/klima-theke.com\/index.php?rest_route=\/wp\/v2\/product"}],"about":[{"href":"https:\/\/klima-theke.com\/index.php?rest_route=\/wp\/v2\/types\/product"}],"wp:featuredmedia":[{"embeddable":true,"href":"https:\/\/klima-theke.com\/index.php?rest_route=\/wp\/v2\/media\/89886"}],"wp:attachment":[{"href":"https:\/\/klima-theke.com\/index.php?rest_route=%2Fwp%2Fv2%2Fmedia&parent=121"}],"wp:term":[{"taxonomy":"product_cat","embeddable":true,"href":"https:\/\/klima-theke.com\/index.php?rest_route=%2Fwp%2Fv2%2Fproduct_cat&post=121"},{"taxonomy":"product_tag","embeddable":true,"href":"https:\/\/klima-theke.com\/index.php?rest_route=%2Fwp%2Fv2%2Fproduct_tag&post=121"}],"curies":[{"name":"wp","href":"https:\/\/api.w.org\/{rel}","templated":true}]}}