{"id":1186,"date":"2023-07-19T10:55:51","date_gmt":"2023-07-19T08:55:51","guid":{"rendered":"https:\/\/klima-theke.com\/produkt\/elektrischer-keramikheizer-edm-silver-grau-750-1500-w\/"},"modified":"2023-10-30T10:54:30","modified_gmt":"2023-10-30T08:54:30","slug":"elektrischer-keramikheizer-edm-silver-grau-750-1500-w","status":"publish","type":"product","link":"https:\/\/klima-theke.com\/?product=elektrischer-keramikheizer-edm-silver-grau-750-1500-w","title":{"rendered":"Elektrischer Keramikheizer EDM Silver Grau 750-1500 W"},"content":{"rendered":"<p>Wenn Sie Haushaltsger\u00e4te zum besten Gro\u00dfhandelspreis suchen, dann verpassen Sie nicht Ihre Chance auf <b>Elektrischer Keramikheizer EDM Silver Grau 750-1500 W<\/b> sowie ein breites Sortiment an kleinen Haushaltsger\u00e4ten!<\/p>\n<ul>\n<li>Art: Heizung<\/li>\n<li>Farbe: Grau<\/li>\n<li>Spannung: 220-240 V<\/li>\n<li>Leistung: 750-1500 W<\/li>\n<li>Heizsystem: Luft<\/li>\n<li>Ma\u00dfe ca.: 20,5 x 27 x 14,8 cm<\/li>\n<li>Merkmale:\n<ul>\n<li>Tragegriff<\/li>\n<li>\u00dcberhitzungsschutz<\/li>\n<li>Kaltluft-Funktion<\/li>\n<\/ul>\n<\/li>\n<\/ul>\n","protected":false},"excerpt":{"rendered":"<p>Wenn Sie Haushaltsger\u00e4te zum besten Gro\u00dfhandelspreis suchen, dann verpassen Sie nicht Ihre Chance auf Elektrischer Keramikheizer EDM Silver Grau 750-1500 W sowie ein breites Sortiment an kleinen Haushaltsger\u00e4ten! Art: Heizung Farbe: Grau Spannung: 220-240 V Leistung: 750-1500 W Heizsystem: Luft Ma\u00dfe ca.: 20,5 x 27 x 14,8 cm Merkmale: Tragegriff \u00dcberhitzungsschutz Kaltluft-Funktion<\/p>\n","protected":false},"featured_media":124989,"template":"","meta":[],"product_cat":[118],"product_tag":[],"class_list":{"0":"post-1186","1":"product","2":"type-product","3":"status-publish","4":"has-post-thumbnail","6":"product_cat-keramik-heizung","8":"first","9":"instock","10":"taxable","11":"shipping-taxable","12":"purchasable","13":"product-type-simple"},"_links":{"self":[{"href":"https:\/\/klima-theke.com\/index.php?rest_route=\/wp\/v2\/product\/1186","targetHints":{"allow":["GET"]}}],"collection":[{"href":"https:\/\/klima-theke.com\/index.php?rest_route=\/wp\/v2\/product"}],"about":[{"href":"https:\/\/klima-theke.com\/index.php?rest_route=\/wp\/v2\/types\/product"}],"wp:featuredmedia":[{"embeddable":true,"href":"https:\/\/klima-theke.com\/index.php?rest_route=\/wp\/v2\/media\/124989"}],"wp:attachment":[{"href":"https:\/\/klima-theke.com\/index.php?rest_route=%2Fwp%2Fv2%2Fmedia&parent=1186"}],"wp:term":[{"taxonomy":"product_cat","embeddable":true,"href":"https:\/\/klima-theke.com\/index.php?rest_route=%2Fwp%2Fv2%2Fproduct_cat&post=1186"},{"taxonomy":"product_tag","embeddable":true,"href":"https:\/\/klima-theke.com\/index.php?rest_route=%2Fwp%2Fv2%2Fproduct_tag&post=1186"}],"curies":[{"name":"wp","href":"https:\/\/api.w.org\/{rel}","templated":true}]}}