{"id":1066,"date":"2023-07-19T10:50:28","date_gmt":"2023-07-19T08:50:28","guid":{"rendered":"https:\/\/klima-theke.com\/produkt\/redfire-gartenkamin-mit-bbq-grill-fuego-gross-schwarz\/"},"modified":"2023-10-30T01:24:18","modified_gmt":"2023-10-29T23:24:18","slug":"redfire-gartenkamin-mit-bbq-grill-fuego-gross-schwarz","status":"publish","type":"product","link":"https:\/\/klima-theke.com\/?product=redfire-gartenkamin-mit-bbq-grill-fuego-gross-schwarz","title":{"rendered":"RedFire Gartenkamin mit BBQ-Grill Fuego Gro\u00df Schwarz"},"content":{"rendered":"<p>Dieser gro\u00dfe Fuego Gartenkamin mit Grill von RedFire ist aus langlebigem Stahl gefertigt und mit mattschwarzer, hochtemperaturbest\u00e4ndiger Farbe pulverbeschichtet, was ihn langlebig und robust macht. Mit seiner Gr\u00f6\u00dfe k\u00f6nnen Sie problemlos gro\u00dfe Holzst\u00fccke verwenden. Diese Feuerstelle ist ideal f\u00fcr gro\u00dfe Au\u00dfenbereiche und bietet mit ihrem leitf\u00e4higen Metall viel W\u00e4rme. Dar\u00fcber hinaus ist es mit seinem mattschwarzen Finish eine sch\u00f6ne Erg\u00e4nzung f\u00fcr jeden Garten, jede Terrasse oder jeden Balkon. Die Feuerstelle Fuego ist einfach zu montieren. Befestigen Sie den Schornstein auf der Feuerstelle und montieren Sie einfach die drei Beine darunter. Neben der Funktion als Gartenkamin verf\u00fcgt der Fuego auch \u00fcber eine Grillfunktion. Der mitgelieferte Grill l\u00e4sst sich dank seines langen Griffs sicher bedienen. So k\u00f6nnen Sie den Grill einfach aus oder \u00fcber die Heizfl\u00e4che nehmen. Es gibt genug Platz, um Ihr Fleisch-, Gem\u00fcse- oder Fischgericht zuzubereiten. So sind Sie im Handumdrehen mit W\u00e4rme und Geschmack versorgt. Beste Zutaten f\u00fcr einen angenehmen Abend!<\/p>\n<ul>\n<li>Farbe: Mattschwarz<\/li>\n<li>Material: Stahl<\/li>\n<li>Gr\u00f6\u00dfe: 40 x 146 cm (Durchmesser x H)<\/li>\n<li>Sch\u00f6nes, aber dennoch stabiles und robustes Design<\/li>\n<li>Schwarze hitzebest\u00e4ndige Pulverbeschichtung<\/li>\n<li>Gibt viel W\u00e4rme mit dem leitf\u00e4higen Metall<\/li>\n<li>Hoher Schornstein f\u00fcr optimalen Rauchabzug<\/li>\n<li>Einfacher Zusammenbau<\/li>\n<li>Langlebiger Stahl<\/li>\n<li>Einfache Reinigung<\/li>\n<li>Gewicht: 14,5 kg<\/li>\n<li>Lieferung umfasst: 1 x 40 cm Grillrost mit Griff<\/li>\n<\/ul>\n","protected":false},"excerpt":{"rendered":"<p>Dieser gro\u00dfe Fuego Gartenkamin mit Grill von RedFire ist aus langlebigem Stahl gefertigt und mit mattschwarzer, hochtemperaturbest\u00e4ndiger Farbe pulverbeschichtet, was ihn langlebig und robust macht. Mit seiner Gr\u00f6\u00dfe k\u00f6nnen Sie problemlos gro\u00dfe Holzst\u00fccke verwenden. Diese Feuerstelle ist ideal f\u00fcr gro\u00dfe Au\u00dfenbereiche und bietet mit ihrem leitf\u00e4higen Metall viel W\u00e4rme. Dar\u00fcber hinaus ist es mit seinem [&#8230;]\n","protected":false},"featured_media":124713,"template":"","meta":[],"product_cat":[39],"product_tag":[],"class_list":{"0":"post-1066","1":"product","2":"type-product","3":"status-publish","4":"has-post-thumbnail","6":"product_cat-kamine-grills-grillkamine","8":"first","9":"outofstock","10":"taxable","11":"shipping-taxable","12":"purchasable","13":"product-type-simple"},"_links":{"self":[{"href":"https:\/\/klima-theke.com\/index.php?rest_route=\/wp\/v2\/product\/1066","targetHints":{"allow":["GET"]}}],"collection":[{"href":"https:\/\/klima-theke.com\/index.php?rest_route=\/wp\/v2\/product"}],"about":[{"href":"https:\/\/klima-theke.com\/index.php?rest_route=\/wp\/v2\/types\/product"}],"wp:featuredmedia":[{"embeddable":true,"href":"https:\/\/klima-theke.com\/index.php?rest_route=\/wp\/v2\/media\/124713"}],"wp:attachment":[{"href":"https:\/\/klima-theke.com\/index.php?rest_route=%2Fwp%2Fv2%2Fmedia&parent=1066"}],"wp:term":[{"taxonomy":"product_cat","embeddable":true,"href":"https:\/\/klima-theke.com\/index.php?rest_route=%2Fwp%2Fv2%2Fproduct_cat&post=1066"},{"taxonomy":"product_tag","embeddable":true,"href":"https:\/\/klima-theke.com\/index.php?rest_route=%2Fwp%2Fv2%2Fproduct_tag&post=1066"}],"curies":[{"name":"wp","href":"https:\/\/api.w.org\/{rel}","templated":true}]}}