{"id":1060,"date":"2023-07-19T10:50:24","date_gmt":"2023-07-19T08:50:24","guid":{"rendered":"https:\/\/klima-theke.com\/produkt\/ventilator-oceanic-weiss-40-w\/"},"modified":"2023-10-10T05:06:33","modified_gmt":"2023-10-10T03:06:33","slug":"ventilator-oceanic-weiss-40-w","status":"publish","type":"product","link":"https:\/\/klima-theke.com\/?product=ventilator-oceanic-weiss-40-w","title":{"rendered":"Ventilator Oceanic Wei\u00df 40 W"},"content":{"rendered":"<p>Wenn Sie Haushaltsger\u00e4te zum besten Gro\u00dfhandelspreis suchen, dann verpassen Sie nicht Ihre Chance auf <b>Ventilator Oceanic Wei\u00df 40 W<\/b> sowie ein breites Sortiment an kleinen Haushaltsger\u00e4ten!<\/p>\n<ul>\n<li>Farbe: Wei\u00df<\/li>\n<li>Durchmesser: \u00d8 23 cm<\/li>\n<li>Ger\u00e4uschpegel: 48 dB<\/li>\n<li>L\u00e4nge des Kabels: 160 cm<\/li>\n<li>Leistung: 40 W<\/li>\n<li>Art: Ventilator<\/li>\n<\/ul>\n","protected":false},"excerpt":{"rendered":"<p>Wenn Sie Haushaltsger\u00e4te zum besten Gro\u00dfhandelspreis suchen, dann verpassen Sie nicht Ihre Chance auf Ventilator Oceanic Wei\u00df 40 W sowie ein breites Sortiment an kleinen Haushaltsger\u00e4ten! Farbe: Wei\u00df Durchmesser: \u00d8 23 cm Ger\u00e4uschpegel: 48 dB L\u00e4nge des Kabels: 160 cm Leistung: 40 W Art: Ventilator<\/p>\n","protected":false},"featured_media":103381,"template":"","meta":[],"product_cat":[34],"product_tag":[],"class_list":{"0":"post-1060","1":"product","2":"type-product","3":"status-publish","4":"has-post-thumbnail","6":"product_cat-tisch-standventilatoren","8":"first","9":"outofstock","10":"taxable","11":"shipping-taxable","12":"purchasable","13":"product-type-simple"},"_links":{"self":[{"href":"https:\/\/klima-theke.com\/index.php?rest_route=\/wp\/v2\/product\/1060","targetHints":{"allow":["GET"]}}],"collection":[{"href":"https:\/\/klima-theke.com\/index.php?rest_route=\/wp\/v2\/product"}],"about":[{"href":"https:\/\/klima-theke.com\/index.php?rest_route=\/wp\/v2\/types\/product"}],"wp:featuredmedia":[{"embeddable":true,"href":"https:\/\/klima-theke.com\/index.php?rest_route=\/wp\/v2\/media\/103381"}],"wp:attachment":[{"href":"https:\/\/klima-theke.com\/index.php?rest_route=%2Fwp%2Fv2%2Fmedia&parent=1060"}],"wp:term":[{"taxonomy":"product_cat","embeddable":true,"href":"https:\/\/klima-theke.com\/index.php?rest_route=%2Fwp%2Fv2%2Fproduct_cat&post=1060"},{"taxonomy":"product_tag","embeddable":true,"href":"https:\/\/klima-theke.com\/index.php?rest_route=%2Fwp%2Fv2%2Fproduct_tag&post=1060"}],"curies":[{"name":"wp","href":"https:\/\/api.w.org\/{rel}","templated":true}]}}