{"id":1043,"date":"2023-07-19T10:50:11","date_gmt":"2023-07-19T08:50:11","guid":{"rendered":"https:\/\/klima-theke.com\/produkt\/tischventilator-kiwi-mit-klammer-o-32-cm\/"},"modified":"2023-10-27T09:40:07","modified_gmt":"2023-10-27T07:40:07","slug":"tischventilator-kiwi-mit-klammer-o-32-cm","status":"publish","type":"product","link":"https:\/\/klima-theke.com\/?product=tischventilator-kiwi-mit-klammer-o-32-cm","title":{"rendered":"Tischventilator Kiwi Mit Klammer (\u00d8 32 cm)"},"content":{"rendered":"<p>Wenn Sie bei der Einrichtung ihres Heims Wert auf Details legen und bei Produkten, die Ihnen das Leben leichter machen, auf dem letzten Stand sein m\u00f6chten, dann kaufen Sie <b>Tischventilator Kiwi Mit Klammer (\u00d8 32 cm)<\/b> zum besten Preis.<\/p>\n<ul>\n<li>Merkmale:\n<ul>\n<li>Niedriger Ger\u00e4uschpegel<\/li>\n<li>Einstellbar<\/li>\n<li>Mit Klammer<\/li>\n<\/ul>\n<\/li>\n<li>Wichtige informationen: Verschiedene Designs. Versand nach Zufallsprinzip und vom Bestand abh\u00e4ngig<\/li>\n<li>Durchmesser: \u00d8 32 cm<\/li>\n<li>Leistung: 9 W<\/li>\n<\/ul>\n","protected":false},"excerpt":{"rendered":"<p>Wenn Sie bei der Einrichtung ihres Heims Wert auf Details legen und bei Produkten, die Ihnen das Leben leichter machen, auf dem letzten Stand sein m\u00f6chten, dann kaufen Sie Tischventilator Kiwi Mit Klammer (\u00d8 32 cm) zum besten Preis. Merkmale: Niedriger Ger\u00e4uschpegel Einstellbar Mit Klammer Wichtige informationen: Verschiedene Designs. Versand nach Zufallsprinzip und vom Bestand [&#8230;]\n","protected":false},"featured_media":122846,"template":"","meta":[],"product_cat":[34],"product_tag":[],"class_list":{"0":"post-1043","1":"product","2":"type-product","3":"status-publish","4":"has-post-thumbnail","6":"product_cat-tisch-standventilatoren","8":"first","9":"instock","10":"taxable","11":"shipping-taxable","12":"purchasable","13":"product-type-simple"},"_links":{"self":[{"href":"https:\/\/klima-theke.com\/index.php?rest_route=\/wp\/v2\/product\/1043","targetHints":{"allow":["GET"]}}],"collection":[{"href":"https:\/\/klima-theke.com\/index.php?rest_route=\/wp\/v2\/product"}],"about":[{"href":"https:\/\/klima-theke.com\/index.php?rest_route=\/wp\/v2\/types\/product"}],"wp:featuredmedia":[{"embeddable":true,"href":"https:\/\/klima-theke.com\/index.php?rest_route=\/wp\/v2\/media\/122846"}],"wp:attachment":[{"href":"https:\/\/klima-theke.com\/index.php?rest_route=%2Fwp%2Fv2%2Fmedia&parent=1043"}],"wp:term":[{"taxonomy":"product_cat","embeddable":true,"href":"https:\/\/klima-theke.com\/index.php?rest_route=%2Fwp%2Fv2%2Fproduct_cat&post=1043"},{"taxonomy":"product_tag","embeddable":true,"href":"https:\/\/klima-theke.com\/index.php?rest_route=%2Fwp%2Fv2%2Fproduct_tag&post=1043"}],"curies":[{"name":"wp","href":"https:\/\/api.w.org\/{rel}","templated":true}]}}