{"id":1022,"date":"2023-07-19T10:49:46","date_gmt":"2023-07-19T08:49:46","guid":{"rendered":"https:\/\/klima-theke.com\/produkt\/nature-schutzhuelle-fuer-terrassenheizer-250x128x62-cm\/"},"modified":"2023-10-10T15:00:58","modified_gmt":"2023-10-10T13:00:58","slug":"nature-schutzhuelle-fuer-terrassenheizer-250x128x62-cm","status":"publish","type":"product","link":"https:\/\/klima-theke.com\/?product=nature-schutzhuelle-fuer-terrassenheizer-250x128x62-cm","title":{"rendered":"Nature Schutzh\u00fclle f\u00fcr Terrassenheizer 250x128x62 cm"},"content":{"rendered":"<p>Diese Abdeckung 6030619 von Nature besteht aus UV-best\u00e4ndigem Polyethylen (PE) mit einer Dichte von 100 g\/m\u00b2 und sch\u00fctzt Ihren Terrassenstrahler vor Wasser und Staub.<\/p>\n<ul>\n<li>Material: UV-best\u00e4ndiges Polyethylen (PE)<\/li>\n<li>Materialdichte: 100 g \/ m\u00b2<\/li>\n<li>Farbe: Dunkelgrau<\/li>\n<li>H\u00f6he: 250 cm<\/li>\n<li>Oberer Durchmesser: 128 cm<\/li>\n<li>Bodendurchmesser: 62 cm<\/li>\n<\/ul>\n","protected":false},"excerpt":{"rendered":"<p>Diese Abdeckung 6030619 von Nature besteht aus UV-best\u00e4ndigem Polyethylen (PE) mit einer Dichte von 100 g\/m\u00b2 und sch\u00fctzt Ihren Terrassenstrahler vor Wasser und Staub. Material: UV-best\u00e4ndiges Polyethylen (PE) Materialdichte: 100 g \/ m\u00b2 Farbe: Dunkelgrau H\u00f6he: 250 cm Oberer Durchmesser: 128 cm Bodendurchmesser: 62 cm<\/p>\n","protected":false},"featured_media":104613,"template":"","meta":[],"product_cat":[42],"product_tag":[],"class_list":{"0":"post-1022","1":"product","2":"type-product","3":"status-publish","4":"has-post-thumbnail","6":"product_cat-terrassenheizer","8":"first","9":"instock","10":"taxable","11":"shipping-taxable","12":"purchasable","13":"product-type-simple"},"_links":{"self":[{"href":"https:\/\/klima-theke.com\/index.php?rest_route=\/wp\/v2\/product\/1022","targetHints":{"allow":["GET"]}}],"collection":[{"href":"https:\/\/klima-theke.com\/index.php?rest_route=\/wp\/v2\/product"}],"about":[{"href":"https:\/\/klima-theke.com\/index.php?rest_route=\/wp\/v2\/types\/product"}],"wp:featuredmedia":[{"embeddable":true,"href":"https:\/\/klima-theke.com\/index.php?rest_route=\/wp\/v2\/media\/104613"}],"wp:attachment":[{"href":"https:\/\/klima-theke.com\/index.php?rest_route=%2Fwp%2Fv2%2Fmedia&parent=1022"}],"wp:term":[{"taxonomy":"product_cat","embeddable":true,"href":"https:\/\/klima-theke.com\/index.php?rest_route=%2Fwp%2Fv2%2Fproduct_cat&post=1022"},{"taxonomy":"product_tag","embeddable":true,"href":"https:\/\/klima-theke.com\/index.php?rest_route=%2Fwp%2Fv2%2Fproduct_tag&post=1022"}],"curies":[{"name":"wp","href":"https:\/\/api.w.org\/{rel}","templated":true}]}}