{"id":31,"date":"2023-07-04T15:31:16","date_gmt":"2023-07-04T15:31:16","guid":{"rendered":"https:\/\/klima-theke.com\/?page_id=31"},"modified":"2023-07-16T05:17:03","modified_gmt":"2023-07-16T05:17:03","slug":"agb","status":"publish","type":"page","link":"https:\/\/klima-theke.com\/?page_id=31","title":{"rendered":"AGB"},"content":{"rendered":"\n<h1 class=\"wp-block-heading\">Allgemeine Gesch\u00e4ftsbedingungen mit Kundeninformationen<\/h1>\n\n\n\n<p>1. Geltungsbereich<\/p>\n\n\n\n<p>2. Vertragsschluss<\/p>\n\n\n\n<p>3. Preise und Zahlungsbedingungen<\/p>\n\n\n\n<p>4. Liefer- und Versandbedingungen<\/p>\n\n\n\n<p>5. Widerrufsrecht<\/p>\n\n\n\n<p>6. Eigentumsvorbehalt<\/p>\n\n\n\n<p>7. M\u00e4ngelhaftung<\/p>\n\n\n\n<p>8. Einl\u00f6sung von Aktionsgutscheinen<\/p>\n\n\n\n<p>9. Anwendbares Recht<\/p>\n\n\n\n<p>10. Gerichtsstand<\/p>\n\n\n\n<p>11. Informationen zur Online-Streitbeilegung<\/p>\n\n\n\n<h3 class=\"wp-block-heading\">1. Geltungsbereich<\/h3>\n\n\n\n<p>1.1&nbsp;Diese Allgemeinen Gesch\u00e4ftsbedingungen (nachfolgend &#8222;AGB&#8220; genannt) der &#8222;Panosch Media GmbH&#8220; (nachfolgend &#8222;Verk\u00e4ufer&#8220; genannt), gelten f\u00fcr s\u00e4mtliche Vertr\u00e4ge, die ein Verbraucher oder Unternehmer (nachfolgend &#8222;Kunde&#8220; genannt) mit dem Verk\u00e4ufer \u00fcber die vom Verk\u00e4ufer in seinem Online-Shop angebotenen Waren abschlie\u00dft. Der Einbeziehung von eigenen Bedingungen des Kunden wird widersprochen, es sei denn, es ist etwas anderes vereinbart.<\/p>\n\n\n\n<p>1.2&nbsp;Verbraucher ist jede nat\u00fcrliche Person, die ein Rechtsgesch\u00e4ft zu einem Zweck abschlie\u00dft, der \u00fcberwiegend weder ihrer gewerblichen noch ihrer selbst\u00e4ndigen beruflichen T\u00e4tigkeit zugerechnet werden kann.<\/p>\n\n\n\n<p>1.3&nbsp;Unternehmer ist eine nat\u00fcrliche oder juristische Person oder eine rechtsf\u00e4hige Personengesellschaft, die bei Abschluss eines Rechtsgesch\u00e4fts in Aus\u00fcbung ihrer gewerblichen oder selbst\u00e4ndigen beruflichen T\u00e4tigkeit handelt.<\/p>\n\n\n\n<h3 class=\"wp-block-heading\">2. Vertragsschluss<\/h3>\n\n\n\n<p>2.1&nbsp;Die Pr\u00e4sentation der Waren insbesondere im Onlineshop stellt noch kein bindendes Angebot des Verk\u00e4ufers dar.<\/p>\n\n\n\n<p>2.2&nbsp;Zun\u00e4chst legt der Kunde die ausgew\u00e4hlte Ware in den Warenkorb. Im anschlie\u00dfenden Schritt beginnt der Bestellvorgang, in welchem alle erforderlichen Daten zur Auftragsabwicklung erfasst werden.<br>Am Ende des Bestellvorgangs erscheint eine Zusammenfassung der Bestell- und Vertragsdaten. Erst nach Best\u00e4tigung dieser Bestell- und Vertragsdaten durch Klick auf den den Bestellvorgang abschlie\u00dfenden Button gibt der Kunde ein verbindliches Angebot \u00fcber den Kauf der im Warenkorb enthaltenen Waren ab.<br><br>Der Kunde kann dieses Angebot auch per Fax, Email, postalisch oder telefonisch gegen\u00fcber dem Verk\u00e4ufer abgeben.<\/p>\n\n\n\n<p>2.3&nbsp;Der Verk\u00e4ufer nimmt das Angebot des Kunden durch folgende m\u00f6gliche Alternativen an:<br><br>&#8211; \u00dcbersendung einer schriftlichen Auftragsbest\u00e4tigung oder einer Auftragsbest\u00e4tigung in Textform (Fax oder E-Mail)&nbsp;<br>oder<br>&#8211; Aufforderung zur Zahlung an den Kunden nach Abgabe der Bestellung&nbsp;<br>oder<br>&#8211; Lieferung der bestellten Ware&nbsp;<br>&nbsp;&nbsp;<br>Ma\u00dfgeblich f\u00fcr den Zeitpunkt der Annahme ist die erste eingetretene Alternative.<br><br>Die Frist zur Annahme des Angebots beginnt am Tag nach der Absendung des Angebots durch den Kunden und endet mit dem Ablauf des f\u00fcnften Tages, der auf die Absendung des Angebots folgt. Nimmt der Verk\u00e4ufer das Angebot des Kunden innerhalb der vorgenannten Frist nicht an, stellt dies die Ablehnung des Angebots dar. Der Kunde ist dann nicht mehr an seine Willenserkl\u00e4rung gebunden.<\/p>\n\n\n\n<p>2.4&nbsp;Wird die Zahlart &#8222;PayPal&#8220; oder&nbsp; &#8222;Paypal Express&#8220; ausgew\u00e4hlt, so erfolgt die Zahlungsabwicklung durch den Zahlungsdienstleister&nbsp;PayPal (Europe) S.\u00e0 r.l. et Cie, S.C.A., 22-24 Boulevard Royal, L-2449 Luxembourg&nbsp;(folgend: &#8222;Paypal&#8220;). Hierbei gilt die Paypal-Nutzungsvereinbarung, diese ist abrufbar&nbsp; unter&nbsp;https:\/\/www.paypal.com\/de\/webapps\/mpp\/ua\/useragreement-full bzw. f\u00fcr Kunden ohne eigenes Paypal-Konto:&nbsp;https:\/\/www.paypal.com\/de\/webapps\/mpp\/ua\/privacywax-full.<br>W\u00e4hlt der Kunde f\u00fcr die Zahlung seines Einkaufs die Zahlungsart &#8222;PayPal&#8220; oder &#8222;PayPal Express&#8220; aus oder zahlt der Kunde \u00fcber eine der PayPal-Zahlungsarten , gibt er mit Anklicken des den Bestellvorgang abschlie\u00dfenden Buttons sein Angebot ab. Erteilt der Kunde gleichzeitig durch Anklicken dieses Buttons auch den Zahlungsauftrag an PayPal,&nbsp;erkl\u00e4rt der Verk\u00e4ufer abweichend von den obenstehenden Regelungen die Annahme des Angebotes des Kunden im Zeitpunkt der Erteilung des Zahlungsauftrages.&nbsp;<\/p>\n\n\n\n<p>2.5&nbsp;Der Vertragstext des jeweils zwischen dem Verk\u00e4ufer und dem Kunden geschlossenen Vertrages wird durch den Verk\u00e4ufer gespeichert. Der Vertragstext wird auf den internen Systemen des Verk\u00e4ufers gespeichert. Die Allgemeinen Gesch\u00e4ftsbedingungen kann der Kunde jederzeit auf dieser Seite einsehen. Die Bestelldaten, die Widerrufsbelehrung sowie die AGB werden dem Kunden per Email zugesendet. Nach Abschluss der Bestellung ist der Vertragstext dem Kunden \u00fcber dessen Kundenlogin kostenlos zug\u00e4nglich, sofern dieser ein Kundenkonto er\u00f6ffnet hat.&nbsp;<\/p>\n\n\n\n<p>2.6&nbsp;Alle get\u00e4tigten Eingaben werden vor Anklicken des Bestellbuttons angezeigt und k\u00f6nnen durch den Kunden vor Absendung der Bestellung eingesehen und durch Bet\u00e4tigung des Zur\u00fcck-Buttons des Browsers oder die \u00fcblichen Maus- und Tastaturfunktionen korrigiert werden. Daneben stehen dem Kunden, sofern verf\u00fcgbar, Buttons zur Korrektur zur Verf\u00fcgung, die entsprechend beschriftet sind.&nbsp;<\/p>\n\n\n\n<p>2.7&nbsp;Die Vertragssprache ist Deutsch.<\/p>\n\n\n\n<p>2.8&nbsp;Es obliegt dem Kunden, eine korrekte Emailadresse zur Kontaktaufnahme und Abwicklung der Bestellung anzugeben, sowie die Filterfunktionen so einzustellen, dass Emails, die diese Bestellung betreffen, zugestellt werden k\u00f6nnen.&nbsp;<\/p>\n\n\n\n<h3 class=\"wp-block-heading\">3. Preise und Zahlungsbedingungen<\/h3>\n\n\n\n<p>3.1&nbsp;Die angezeigten Preise sind Endpreise inklusive der gesetzlichen Umsatzsteuer, wenn nichts anderes vereinbart ist.<br>Sofern zus\u00e4tzliche Versandkosten anfallen, ist dies der Produktbeschreibung zu entnehmen.<\/p>\n\n\n\n<p>3.2&nbsp;Der Kunde kann die Zahlungsarten ausw\u00e4hlen, die im Onlineshop zur Verf\u00fcgung stehen.<\/p>\n\n\n\n<p>3.3&nbsp;Bei der Zahlung \u00fcber SEPA-Lastschrift ist der Kaufpreis nach Ablauf der Frist f\u00fcr die Erteilung der Vorabinformation zur Zahlung und nach Erteilung eines SEPA-Lastschriftmandats f\u00e4llig.<br>Eine Vorabinformation ist die Ank\u00fcndigung des Verk\u00e4ufers an den Kunden, dass sein Konto mittels SEPA-Lastschrift belastet wird und kann beispielsweise in Form einer Rechnung oder eines Vertrages geschehen.&nbsp;<br>Der Einzug des Betrages erfolgt, wenn die Ware das Lager verl\u00e4sst und die Frist f\u00fcr die Vorabinformation abgelaufen ist.<br><br>Sollte aufgrund unzureichender Kontodeckung oder der Angabe einer falschen Bankverbindung eine Einl\u00f6sung der Lastschrift unm\u00f6glich sein, hat der Kunde die Kosten der R\u00fcckbuchung zu tragen, wenn es diese zu vertreten hat. Gleiches gilt f\u00fcr den Fall des Widerspruchs des Kunden, wenn dieser dazu nicht berechtigt war.<\/p>\n\n\n\n<p>3.4&nbsp;Bei der Zahlung per &#8222;SOFORT&#8220; erfolgt die Zahlungsabwicklung \u00fcber den Zahlungsdienstleister SOFORT GmbH, Theresienh\u00f6he 12, 80339 M\u00fcnchen (im Folgenden &#8222;SOFORT&#8220;). Um die Zahlungsart in Anspruch nehmen zu k\u00f6nnen, ben\u00f6tigt der Kunde ein f\u00fcr die Teilnahme an &#8222;SOFORT&#8220; freigeschaltetes Online-Banking-Konto mit PIN\/TAN-Verfahren, mit dem er sich beim Zahlungsvorgang entsprechend legitimieren und die Zahlungsanweisung gegen\u00fcber &#8222;SOFORT&#8220; best\u00e4tigen kann. Die Zahlung wird unmittelbar nach Abschluss des Zahlungsvorgang von &#8222;SOFORT&#8220; durchgef\u00fchrt und das Bankkonto des Kunden belastet. N\u00e4here Informationen zur Zahlungsart &#8222;SOFORT&#8220; sind im Internet unter https:\/\/www.klarna.com\/sofort\/ zu finden.<\/p>\n\n\n\n<h3 class=\"wp-block-heading\">4. Liefer- und Versandbedingungen<\/h3>\n\n\n\n<p>4.1&nbsp;Die Lieferung von Waren auf dem Versandweg erfolgt an die vom Kunden angegebene Lieferanschrift. Abweichend hiervon ist bei der Zahlung per PayPal die vom Kunden zum Zeitpunkt der Bezahlung bei PayPal hinterlegte Lieferanschrift ma\u00dfgeblich.<\/p>\n\n\n\n<p>4.2&nbsp;Entstehen dem Verk\u00e4ufer aufgrund der Angabe einer falschen Lieferadresse oder eines falschen Adressaten oder anderer Umst\u00e4nde die zur Unm\u00f6glichkeit der Zustellung f\u00fchren, zus\u00e4tzliche Kosten, so sind diese von dem Kunden zu ersetzen, au\u00dfer er hat die Falschangabe oder Unm\u00f6glichkeit nicht zu vertreten. Gleiches gilt f\u00fcr den Fall, dass der Kunde vor\u00fcbergehend an der Annahme der Leistung verhindert war, es sei denn, der Verk\u00e4ufer hat ihm die Leistung vorher angemessen angek\u00fcndigt. Ausgenommen von dieser Regelung sind die Kosten der Hinsendung, wenn der Kunde sein Widerrufsrecht wirksam ausge\u00fcbt hat. Hier verbleibt es bei der gesetzlichen oder der durch den Verk\u00e4ufer getroffenen Regelung.<\/p>\n\n\n\n<p>4.3&nbsp;Die Selbstabholung wird nicht angeboten.<\/p>\n\n\n\n<p>4.4&nbsp;Gutscheine werden dem Kunden in folgender Form \u00fcberlassen:<\/p>\n\n\n\n<ul class=\"wp-block-list\">\n<li>per E-Mail<\/li>\n\n\n\n<li>per Download<\/li>\n\n\n\n<li>postalisch<\/li>\n<\/ul>\n\n\n\n<h3 class=\"wp-block-heading\">5. Widerrufsrecht<\/h3>\n\n\n\n<p>5.1&nbsp;Ist der Kunde Verbraucher, steht ihm grunds\u00e4tzlich ein Widerrufsrecht zu.&nbsp;<\/p>\n\n\n\n<p>5.2&nbsp;F\u00fcr das Widerrufsrecht gilt die Widerrufsbelehrung des Verk\u00e4ufers.<\/p>\n\n\n\n<p>5.3&nbsp;Verbrauchern, die zum Zeitpunkt des Vertragsschlusses keinem Mitgliedstaat der Europ\u00e4ischen Union angeh\u00f6ren und deren alleiniger Wohnsitz und Lieferadresse zum Zeitpunkt des Vertragsschlusses au\u00dferhalb der Europ\u00e4ischen Union liegen, steht kein Widerrufsrecht zu.<\/p>\n\n\n\n<h3 class=\"wp-block-heading\">6. Eigentumsvorbehalt<\/h3>\n\n\n\n<p>Sofern der Verk\u00e4ufer in Vorleistung tritt, bleibt die Ware bis zur vollst\u00e4ndigen Begleichung des Kaufpreises im Eigentum des Verk\u00e4ufers.<\/p>\n\n\n\n<h3 class=\"wp-block-heading\">7. M\u00e4ngelhaftung<\/h3>\n\n\n\n<p>7.1&nbsp;Hinsichtlich der Gew\u00e4hrleistung gelten die Vorschriften der gesetzlichen M\u00e4ngelhaftung, soweit nichts Abweichendes vereinbart worden ist.<\/p>\n\n\n\n<p>7.2&nbsp;Der Kunde wird gebeten, angelieferte Waren mit offensichtlichen Transportsch\u00e4den bei dem Zusteller zu reklamieren und den Verk\u00e4ufer hiervon in Kenntnis zu setzen. Die Nichtbefolgung hat keinerlei Auswirkungen auf die gesetzlichen oder vertraglichen M\u00e4ngelanspr\u00fcche des Kunden.<\/p>\n\n\n\n<h3 class=\"wp-block-heading\">8. Einl\u00f6sung von Aktionsgutscheinen<\/h3>\n\n\n\n<p>8.1&nbsp;Gutscheine, die der Verk\u00e4ufer im Rahmen von (Werbe-)Aktionen mit einer bestimmten G\u00fcltigkeitsdauer unentgeltlich abgibt und der Kunden nicht k\u00e4uflich erwerben kann (&#8222;Aktionsgutscheine&#8220;), sind nur im Online-Shop des Verk\u00e4ufers und nur im vom Verk\u00e4ufer angegebenen Zeitraum einl\u00f6sbar.<\/p>\n\n\n\n<p>8.2&nbsp;Aktionsgutscheine k\u00f6nnen nur von Verbrauchern eingel\u00f6st werden.<\/p>\n\n\n\n<p>8.3&nbsp;Einzelne Produkte k\u00f6nnen von der Gutscheinaktion ausgeschlossen sein.<br>Die konkreten Beschr\u00e4nkungen sind gegebenenfalls dem Aktionsgutschein zu entnehmen.<\/p>\n\n\n\n<p>8.4&nbsp;Aktionsgutscheine k\u00f6nnen nur vor Abschluss des Bestellvorgangs eingel\u00f6st werden. Eine nachtr\u00e4gliche Verrechnung erfolgt nicht.<\/p>\n\n\n\n<p>8.5&nbsp;Pro Bestellung kann immer nur ein Aktionsgutschein eingel\u00f6st werden. Die Einl\u00f6sung von mehreren Aktionsgutscheinen in einer Bestellung ist nicht m\u00f6glich.<\/p>\n\n\n\n<p>8.6&nbsp;Der Warenwert der jeweiligen Bestellung muss mindestens den Betrag des Aktionsgutscheins erreichen. Etwaiges Restguthaben wird vom Verk\u00e4ufer nicht erstattet.<\/p>\n\n\n\n<p>8.7&nbsp;Sofern der Wert eines Aktionsgutscheins&nbsp;zur Bezahlung der jeweiligen Bestellung nicht ausreicht, kann zur Begleichung des Differenzbetrages eine der \u00fcbrigen angebotenen Zahlungsarten verwendet werden.<\/p>\n\n\n\n<p>8.8&nbsp;Das Guthaben eines Aktionsgutscheins wird weder ausgezahlt noch verzinst.<\/p>\n\n\n\n<p>8.9&nbsp;Der Aktionsgutschein wird ebenfalls nicht erstattet, wenn der Kunde die mit dem Aktionsgutschein ganz oder teilweise bezahlte Ware im Rahmen seines gesetzlichen Widerrufsrechts retourniert.<\/p>\n\n\n\n<p>8.10&nbsp;Aktionsgutscheine sind grunds\u00e4tzlich \u00fcbertragbar.&nbsp;<br>Der Verk\u00e4ufer kann mit befreiender Wirkung an den Kunden, der den jeweiligen Geschenkgutschein einl\u00f6st, leisten. Dies gilt nicht, wenn der Verk\u00e4ufer Kenntnis oder grob fahrl\u00e4ssige Unkenntnis von der etwaigen Nichtberechtigung, der Gesch\u00e4ftsunf\u00e4higkeit oder der fehlenden Vertretungsberechtigung des jeweiligen Inhabers hat.&nbsp;<\/p>\n\n\n\n<h3 class=\"wp-block-heading\">9. Anwendbares Recht<\/h3>\n\n\n\n<p>9.1&nbsp;Es gilt das Recht der Bundesrepublik Deutschland unter Ausschluss der Gesetze \u00fcber den internationalen Kauf beweglicher Waren.&nbsp;<br>Die gesetzlichen Vorschriften zur Beschr\u00e4nkung der Rechtswahl und zur Anwendbarkeit zwingender Vorschriften insbesondere des Staates, in dem der Kunde als Verbraucher seinen gew\u00f6hnlichen Aufenthalt hat, bleiben unber\u00fchrt.<\/p>\n\n\n\n<p>9.2&nbsp;Diese hier getroffene Rechtswahl gilt nicht im Hinblick auf das gesetzliche Widerrufsrecht bei Verbrauchern, wenn diese zum Zeitpunkt des Vertragsschlusses keinem Mitgliedstaat der Europ\u00e4ischen Union angeh\u00f6ren und deren alleiniger Wohnsitz und Lieferadresse zum Zeitpunkt des Vertragsschlusses au\u00dferhalb der Europ\u00e4ischen Union liegen.&nbsp;<\/p>\n\n\n\n<h3 class=\"wp-block-heading\">10. Gerichtsstand<\/h3>\n\n\n\n<p>Sofern der Kunde Kaufmann ist, eine juristische Person des \u00f6ffentlichen Rechts oder \u00f6ffentlich-rechtliches Sonderverm\u00f6gen mit Sitz im Hoheitsgebiet der Bundesrepublik Deutschland, ist der ausschlie\u00dfliche Gerichtsstand f\u00fcr alle Streitigkeiten aus diesem Vertrag der Gesch\u00e4ftssitz des Verk\u00e4ufers.<br>Sofern der Kunde seinen Sitz au\u00dferhalb des Hoheitsgebiets der Bundesrepublik Deutschland hat, ist der Gesch\u00e4ftssitz des Verk\u00e4ufers der ausschlie\u00dfliche Gerichtsstand f\u00fcr alle Streitigkeiten aus diesem Vertrag, wenn dieser Vertrag oder Anspr\u00fcche aus diesem Vertrag der beruflichen oder gewerblichen T\u00e4tigkeit des Kunden zugerechnet werden k\u00f6nnen.<br>Dennoch ist der Verk\u00e4ufer ist in den vorgenannten F\u00e4llen auch berechtigt, das Gericht am Sitz des Kunden anzurufen.<\/p>\n\n\n\n<h3 class=\"wp-block-heading\">11. Informationen zur Online-Streitbeilegung<\/h3>\n\n\n\n<p>Die Plattform zur Online-Streitbeilegung&nbsp;der&nbsp;EU-Kommission ist im Internet unter folgendem Link aufrufbar:&nbsp;<a href=\"https:\/\/ec.europa.eu\/odr\" target=\"_blank\" rel=\"noreferrer noopener\">https:\/\/ec.europa.eu\/odr<\/a><\/p>\n\n\n\n<p>Wir sind zur Teilnahme an einem Streitbeilegungsverfahren vor einer Verbraucherschlichtungsstelle weder verpflichtet noch bereit.<\/p>\n","protected":false},"excerpt":{"rendered":"<p>Allgemeine Gesch\u00e4ftsbedingungen mit Kundeninformationen 1. Geltungsbereich 2. Vertragsschluss 3. Preise und Zahlungsbedingungen 4. Liefer- und Versandbedingungen 5. Widerrufsrecht 6. Eigentumsvorbehalt 7. M\u00e4ngelhaftung 8. Einl\u00f6sung von Aktionsgutscheinen 9. Anwendbares Recht 10. Gerichtsstand 11. Informationen zur Online-Streitbeilegung 1. Geltungsbereich 1.1&nbsp;Diese Allgemeinen Gesch\u00e4ftsbedingungen (nachfolgend &#8222;AGB&#8220; genannt) der &#8222;Panosch Media GmbH&#8220; (nachfolgend &#8222;Verk\u00e4ufer&#8220; genannt), gelten f\u00fcr s\u00e4mtliche Vertr\u00e4ge, die [&#8230;]\n","protected":false},"author":1,"featured_media":0,"parent":0,"menu_order":0,"comment_status":"closed","ping_status":"closed","template":"","meta":{"footnotes":""},"class_list":["post-31","page","type-page","status-publish","hentry"],"_links":{"self":[{"href":"https:\/\/klima-theke.com\/index.php?rest_route=\/wp\/v2\/pages\/31","targetHints":{"allow":["GET"]}}],"collection":[{"href":"https:\/\/klima-theke.com\/index.php?rest_route=\/wp\/v2\/pages"}],"about":[{"href":"https:\/\/klima-theke.com\/index.php?rest_route=\/wp\/v2\/types\/page"}],"author":[{"embeddable":true,"href":"https:\/\/klima-theke.com\/index.php?rest_route=\/wp\/v2\/users\/1"}],"replies":[{"embeddable":true,"href":"https:\/\/klima-theke.com\/index.php?rest_route=%2Fwp%2Fv2%2Fcomments&post=31"}],"version-history":[{"count":1,"href":"https:\/\/klima-theke.com\/index.php?rest_route=\/wp\/v2\/pages\/31\/revisions"}],"predecessor-version":[{"id":196,"href":"https:\/\/klima-theke.com\/index.php?rest_route=\/wp\/v2\/pages\/31\/revisions\/196"}],"wp:attachment":[{"href":"https:\/\/klima-theke.com\/index.php?rest_route=%2Fwp%2Fv2%2Fmedia&parent=31"}],"curies":[{"name":"wp","href":"https:\/\/api.w.org\/{rel}","templated":true}]}}