{"id":29,"date":"2023-07-04T15:31:16","date_gmt":"2023-07-04T15:31:16","guid":{"rendered":"https:\/\/klima-theke.com\/?page_id=29"},"modified":"2023-07-16T05:19:40","modified_gmt":"2023-07-16T05:19:40","slug":"impressum","status":"publish","type":"page","link":"https:\/\/klima-theke.com\/?page_id=29","title":{"rendered":"Impressum"},"content":{"rendered":"\n<p>Panosch Media GmbH<br>Trientlgasse 65<br>6020&nbsp;Innsbruck<br>\u00d6sterreich<\/p>\n\n\n\n<p>Tel: +436602358762<\/p>\n\n\n\n<p>E-Mail:&nbsp;support@klima-theke.com<\/p>\n\n\n\n<p>Gesch\u00e4ftsf\u00fchrer: Dominik Panosch<\/p>\n\n\n\n<p>Registergericht: Innsbruck<br>Registernummer: 597691 h<\/p>\n\n\n\n<p>Umsatzsteuer-Identifikationsnummer gem\u00e4\u00df \u00a7 27 a Umsatzsteuergesetz: ATU79065903<\/p>\n\n\n\n<p>Plattform der EU-Kommission zur Online-Streitbeilegung:&nbsp;<a target=\"_blank\" href=\"https:\/\/ec.europa.eu\/consumers\/odr\" rel=\"noreferrer noopener\">https:\/\/ec.europa.eu\/consumers\/odr<\/a><\/p>\n\n\n\n<p>Wir sind zur Teilnahme an einem Streitbeilegungsverfahren vor einer Verbraucherschlichtungsstelle weder verpflichtet noch bereit.<\/p>\n","protected":false},"excerpt":{"rendered":"<p>Panosch Media GmbHTrientlgasse 656020&nbsp;Innsbruck\u00d6sterreich Tel: +436602358762 E-Mail:&nbsp;support@klima-theke.com Gesch\u00e4ftsf\u00fchrer: Dominik Panosch Registergericht: InnsbruckRegisternummer: 597691 h Umsatzsteuer-Identifikationsnummer gem\u00e4\u00df \u00a7 27 a Umsatzsteuergesetz: ATU79065903 Plattform der EU-Kommission zur Online-Streitbeilegung:&nbsp;https:\/\/ec.europa.eu\/consumers\/odr Wir sind zur Teilnahme an einem Streitbeilegungsverfahren vor einer Verbraucherschlichtungsstelle weder verpflichtet noch bereit.<\/p>\n","protected":false},"author":1,"featured_media":0,"parent":0,"menu_order":0,"comment_status":"closed","ping_status":"closed","template":"","meta":{"footnotes":""},"class_list":["post-29","page","type-page","status-publish","hentry"],"_links":{"self":[{"href":"https:\/\/klima-theke.com\/index.php?rest_route=\/wp\/v2\/pages\/29","targetHints":{"allow":["GET"]}}],"collection":[{"href":"https:\/\/klima-theke.com\/index.php?rest_route=\/wp\/v2\/pages"}],"about":[{"href":"https:\/\/klima-theke.com\/index.php?rest_route=\/wp\/v2\/types\/page"}],"author":[{"embeddable":true,"href":"https:\/\/klima-theke.com\/index.php?rest_route=\/wp\/v2\/users\/1"}],"replies":[{"embeddable":true,"href":"https:\/\/klima-theke.com\/index.php?rest_route=%2Fwp%2Fv2%2Fcomments&post=29"}],"version-history":[{"count":3,"href":"https:\/\/klima-theke.com\/index.php?rest_route=\/wp\/v2\/pages\/29\/revisions"}],"predecessor-version":[{"id":202,"href":"https:\/\/klima-theke.com\/index.php?rest_route=\/wp\/v2\/pages\/29\/revisions\/202"}],"wp:attachment":[{"href":"https:\/\/klima-theke.com\/index.php?rest_route=%2Fwp%2Fv2%2Fmedia&parent=29"}],"curies":[{"name":"wp","href":"https:\/\/api.w.org\/{rel}","templated":true}]}}